{"id":56,"date":"2016-11-24T18:12:01","date_gmt":"2016-11-24T18:12:01","guid":{"rendered":"http:\/\/plethorathemes.com\/hotel-xenia\/?page_id=56"},"modified":"2022-03-08T14:33:39","modified_gmt":"2022-03-08T14:33:39","slug":"rezervare","status":"publish","type":"page","link":"https:\/\/www.pensiuneajojo.ro\/pensiunea-jojo\/rezervare\/","title":{"rendered":"Rezervare"},"content":{"rendered":"<p>[vc_row][vc_column width=&#8221;2\/3&#8243; el_class=&#8221;large_form col-sm-push-4&#8243;]\n<div class=\"wpcf7 no-js\" id=\"wpcf7-f82-o1\" lang=\"en-US\" dir=\"ltr\" data-wpcf7-id=\"82\">\n<div class=\"screen-reader-response\"><p role=\"status\" aria-live=\"polite\" aria-atomic=\"true\"><\/p> <ul><\/ul><\/div>\n<form action=\"\/pensiunea-jojo\/wp-json\/wp\/v2\/pages\/56#wpcf7-f82-o1\" method=\"post\" class=\"wpcf7-form init\" aria-label=\"Contact form\" novalidate=\"novalidate\" data-status=\"init\">\n<fieldset class=\"hidden-fields-container\"><input type=\"hidden\" name=\"_wpcf7\" value=\"82\" \/><input type=\"hidden\" name=\"_wpcf7_version\" value=\"6.1.3\" \/><input type=\"hidden\" name=\"_wpcf7_locale\" value=\"en_US\" \/><input type=\"hidden\" name=\"_wpcf7_unit_tag\" value=\"wpcf7-f82-o1\" \/><input type=\"hidden\" name=\"_wpcf7_container_post\" value=\"0\" \/><input type=\"hidden\" name=\"_wpcf7_posted_data_hash\" value=\"\" \/>\n<\/fieldset>\n<div class=\"row\">\n\t<div class=\"col-sm-12\">\n\t\t<p><label>Nume<\/label><span class=\"wpcf7-form-control-wrap\" data-name=\"your-name\"><input size=\"40\" maxlength=\"400\" class=\"wpcf7-form-control wpcf7-text wpcf7-validates-as-required name\" aria-required=\"true\" aria-invalid=\"false\" placeholder=\"Nume \u0219i prenume\" value=\"\" type=\"text\" name=\"your-name\" \/><\/span>\n\t\t<\/p>\n\t<\/div>\n\t<div class=\"col-sm-12\">\n\t\t<p><label>E-mail<\/label><span class=\"wpcf7-form-control-wrap\" data-name=\"your-email\"><input size=\"40\" maxlength=\"400\" class=\"wpcf7-form-control wpcf7-email wpcf7-validates-as-required wpcf7-text wpcf7-validates-as-email email\" aria-required=\"true\" aria-invalid=\"false\" placeholder=\"E-mail\" value=\"\" type=\"email\" name=\"your-email\" \/><\/span>\n\t\t<\/p>\n\t<\/div>\n\t<div class=\"col-sm-6\">\n\t\t<p><label>Check In<\/label><br \/>\n<span class=\"wpcf7-form-control-wrap\" data-name=\"date_arrival\"><input size=\"40\" maxlength=\"400\" class=\"wpcf7-form-control wpcf7-text wpcf7-validates-as-required name\" aria-required=\"true\" aria-invalid=\"false\" placeholder=\"Dat\u0103 check-in\" value=\"\" type=\"text\" name=\"date_arrival\" \/><\/span>\n\t\t<\/p>\n\t<\/div>\n\t<div class=\"col-sm-6\">\n\t\t<p><label>Check Out<\/label><br \/>\n<span class=\"wpcf7-form-control-wrap\" data-name=\"date_departure\"><input size=\"40\" maxlength=\"400\" class=\"wpcf7-form-control wpcf7-text wpcf7-validates-as-required name\" aria-required=\"true\" aria-invalid=\"false\" placeholder=\"Dat\u0103 check-out\" value=\"\" type=\"text\" name=\"date_departure\" \/><\/span>\n\t\t<\/p>\n\t<\/div>\n\t<div class=\"col-sm-12\">\n\t\t<p><label>Alege o camer\u0103<\/label><span class=\"wpcf7-form-control-wrap selected_room\"><select class=\"wpcf7-form-control wpcf7-select_posts\" aria-invalid=\"false\" name=\"selected_room\"><option value=\"Camer\u0103 dubl\u0103\">Camer\u0103 dubl\u0103<\/option><option value=\"Suit\u0103\">Suit\u0103<\/option><option value=\"Apartament la mansard\u0103\">Apartament la mansard\u0103<\/option><option value=\"Camer\u0103 single\">Camer\u0103 single<\/option><\/select><\/span>\n\t\t<\/p>\n\t<\/div>\n\t<div class=\"col-sm-6\">\n\t\t<p><label>Adul\u021bi<\/label><span class=\"wpcf7-form-control-wrap\" data-name=\"adults\"><select class=\"wpcf7-form-control wpcf7-select wpcf7-validates-as-required\" aria-required=\"true\" aria-invalid=\"false\" name=\"adults\"><option value=\"\">&#8212;Please choose an option&#8212;<\/option><option value=\"1\">1<\/option><option value=\"2\">2<\/option><option value=\"3\">3<\/option><option value=\"4\">4<\/option><\/select><\/span>\n\t\t<\/p>\n\t<\/div>\n\t<div class=\"col-sm-6\">\n\t\t<p><label>Copii<\/label><span class=\"wpcf7-form-control-wrap\" data-name=\"children\"><select class=\"wpcf7-form-control wpcf7-select wpcf7-validates-as-required\" aria-required=\"true\" aria-invalid=\"false\" name=\"children\"><option value=\"\">&#8212;Please choose an option&#8212;<\/option><option value=\"0\">0<\/option><option value=\"1\">1<\/option><option value=\"2\">2<\/option><option value=\"3\">3<\/option><option value=\"4\">4<\/option><\/select><\/span>\n\t\t<\/p>\n\t<\/div>\n\t<div class=\"col-sm-12\">\n\t\t<p><label>Dori\u021bi \u0219i servicii SPA?<\/label><span class=\"wpcf7-form-control-wrap posts-73\"><select class=\"wpcf7-form-control wpcf7-select_posts\" aria-invalid=\"false\" multiple=\"multiple\" name=\"posts-73[]\"><option value=\"\">---<\/option><option value=\"BALNEO TERAPIE - CMI DR GURAN\">BALNEO TERAPIE - CMI DR GURAN<\/option><option value=\"PACHET CONFORT\">PACHET CONFORT<\/option><\/select><\/span>\n\t\t<\/p>\n\t<\/div>\n<\/div>\n<p><button class=\"btn btn-lg btn-primary item_centered\" type=\"submit\">Rezerv\u0103<\/button>\n<\/p><div class=\"wpcf7-response-output\" aria-hidden=\"true\"><\/div>\n<\/form>\n<\/div>\n[\/vc_column][vc_column width=&#8221;1\/3&#8243; el_class=&#8221;col-sm-pull-8&#8243;][vc_widget_sidebar sidebar_id=&#8221;sidebar-pages&#8221; el_class=&#8221;no_margin_top&#8221;][\/vc_column][\/vc_row]<\/p>\n","protected":false},"excerpt":{"rendered":"<p>[vc_row][vc_column width=&#8221;2\/3&#8243; el_class=&#8221;large_form col-sm-push-4&#8243;][\/vc_column][vc_column width=&#8221;1\/3&#8243; el_class=&#8221;col-sm-pull-8&#8243;][vc_widget_sidebar sidebar_id=&#8221;sidebar-pages&#8221; el_class=&#8221;no_margin_top&#8221;][\/vc_column][\/vc_row]<\/p>\n","protected":false},"author":1,"featured_media":1164,"parent":0,"menu_order":0,"comment_status":"closed","ping_status":"closed","template":"","meta":{"footnotes":""},"class_list":["post-56","page","type-page","status-publish","has-post-thumbnail","hentry"],"yoast_head":"<!-- This site is optimized with the Yoast SEO plugin v26.2 - https:\/\/yoast.com\/wordpress\/plugins\/seo\/ -->\n<title>Rezervare - PensiuneaJojo<\/title>\n<meta name=\"description\" content=\"JOJO Imperial, un resort de 5 stele \u00een B\u0103ile Herculane, este o pensiune modern\u0103 dar totodat\u0103 boem\u0103; o \u00eentoarcere \u00een timp la provocarea unor arhitec\u021bi vizionari, iscusi\u021bi, care au creat o atmosfera regal\u0103 desprins\u0103 din secolul al XIX-lea cu amprenta stilului art deco.\" \/>\n<meta name=\"robots\" content=\"index, follow, max-snippet:-1, max-image-preview:large, max-video-preview:-1\" \/>\n<link rel=\"canonical\" href=\"https:\/\/www.pensiuneajojo.ro\/pensiunea-jojo\/rezervare\/\" \/>\n<meta property=\"og:locale\" content=\"en_US\" \/>\n<meta property=\"og:type\" content=\"article\" \/>\n<meta property=\"og:title\" content=\"Rezervare - PensiuneaJojo\" \/>\n<meta property=\"og:description\" content=\"JOJO Imperial, un resort de 5 stele \u00een B\u0103ile Herculane, este o pensiune modern\u0103 dar totodat\u0103 boem\u0103; o \u00eentoarcere \u00een timp la provocarea unor arhitec\u021bi vizionari, iscusi\u021bi, care au creat o atmosfera regal\u0103 desprins\u0103 din secolul al XIX-lea cu amprenta stilului art deco.\" \/>\n<meta property=\"og:url\" content=\"https:\/\/www.pensiuneajojo.ro\/pensiunea-jojo\/rezervare\/\" \/>\n<meta property=\"og:site_name\" content=\"PensiuneaJojo\" \/>\n<meta property=\"article:modified_time\" content=\"2022-03-08T14:33:39+00:00\" \/>\n<meta property=\"og:image\" content=\"https:\/\/www.pensiuneajojo.ro\/pensiunea-jojo\/wp-content\/uploads\/2022\/02\/baile-herculane-resort-5-stele-piscina-exterioara-herculane-1024x446.png\" \/>\n\t<meta property=\"og:image:width\" content=\"1024\" \/>\n\t<meta property=\"og:image:height\" content=\"446\" \/>\n\t<meta property=\"og:image:type\" content=\"image\/png\" \/>\n<meta name=\"twitter:card\" content=\"summary_large_image\" \/>\n<script type=\"application\/ld+json\" class=\"yoast-schema-graph\">{\"@context\":\"https:\/\/schema.org\",\"@graph\":[{\"@type\":\"WebPage\",\"@id\":\"https:\/\/www.pensiuneajojo.ro\/pensiunea-jojo\/rezervare\/\",\"url\":\"https:\/\/www.pensiuneajojo.ro\/pensiunea-jojo\/rezervare\/\",\"name\":\"Rezervare - PensiuneaJojo\",\"isPartOf\":{\"@id\":\"https:\/\/www.pensiuneajojo.ro\/pensiunea-jojo\/#website\"},\"primaryImageOfPage\":{\"@id\":\"https:\/\/www.pensiuneajojo.ro\/pensiunea-jojo\/rezervare\/#primaryimage\"},\"image\":{\"@id\":\"https:\/\/www.pensiuneajojo.ro\/pensiunea-jojo\/rezervare\/#primaryimage\"},\"thumbnailUrl\":\"https:\/\/www.pensiuneajojo.ro\/pensiunea-jojo\/wp-content\/uploads\/2022\/02\/baile-herculane-resort-5-stele-piscina-exterioara-herculane.png\",\"datePublished\":\"2016-11-24T18:12:01+00:00\",\"dateModified\":\"2022-03-08T14:33:39+00:00\",\"description\":\"JOJO Imperial, un resort de 5 stele \u00een B\u0103ile Herculane, este o pensiune modern\u0103 dar totodat\u0103 boem\u0103; o \u00eentoarcere \u00een timp la provocarea unor arhitec\u021bi vizionari, iscusi\u021bi, care au creat o atmosfera regal\u0103 desprins\u0103 din secolul al XIX-lea cu amprenta stilului art deco.\",\"breadcrumb\":{\"@id\":\"https:\/\/www.pensiuneajojo.ro\/pensiunea-jojo\/rezervare\/#breadcrumb\"},\"inLanguage\":\"en-US\",\"potentialAction\":[{\"@type\":\"ReadAction\",\"target\":[\"https:\/\/www.pensiuneajojo.ro\/pensiunea-jojo\/rezervare\/\"]}]},{\"@type\":\"ImageObject\",\"inLanguage\":\"en-US\",\"@id\":\"https:\/\/www.pensiuneajojo.ro\/pensiunea-jojo\/rezervare\/#primaryimage\",\"url\":\"https:\/\/www.pensiuneajojo.ro\/pensiunea-jojo\/wp-content\/uploads\/2022\/02\/baile-herculane-resort-5-stele-piscina-exterioara-herculane.png\",\"contentUrl\":\"https:\/\/www.pensiuneajojo.ro\/pensiunea-jojo\/wp-content\/uploads\/2022\/02\/baile-herculane-resort-5-stele-piscina-exterioara-herculane.png\",\"width\":1920,\"height\":836,\"caption\":\"baile-herculane-resort-5-stele-piscina-exterioara-herculane\"},{\"@type\":\"BreadcrumbList\",\"@id\":\"https:\/\/www.pensiuneajojo.ro\/pensiunea-jojo\/rezervare\/#breadcrumb\",\"itemListElement\":[{\"@type\":\"ListItem\",\"position\":1,\"name\":\"Home\",\"item\":\"https:\/\/www.pensiuneajojo.ro\/pensiunea-jojo\/\"},{\"@type\":\"ListItem\",\"position\":2,\"name\":\"Rezervare\"}]},{\"@type\":\"WebSite\",\"@id\":\"https:\/\/www.pensiuneajojo.ro\/pensiunea-jojo\/#website\",\"url\":\"https:\/\/www.pensiuneajojo.ro\/pensiunea-jojo\/\",\"name\":\"PensiuneaJojo\",\"description\":\".\",\"potentialAction\":[{\"@type\":\"SearchAction\",\"target\":{\"@type\":\"EntryPoint\",\"urlTemplate\":\"https:\/\/www.pensiuneajojo.ro\/pensiunea-jojo\/?s={search_term_string}\"},\"query-input\":{\"@type\":\"PropertyValueSpecification\",\"valueRequired\":true,\"valueName\":\"search_term_string\"}}],\"inLanguage\":\"en-US\"}]}<\/script>\n<!-- \/ Yoast SEO plugin. -->","yoast_head_json":{"title":"Rezervare - PensiuneaJojo","description":"JOJO Imperial, un resort de 5 stele \u00een B\u0103ile Herculane, este o pensiune modern\u0103 dar totodat\u0103 boem\u0103; o \u00eentoarcere \u00een timp la provocarea unor arhitec\u021bi vizionari, iscusi\u021bi, care au creat o atmosfera regal\u0103 desprins\u0103 din secolul al XIX-lea cu amprenta stilului art deco.","robots":{"index":"index","follow":"follow","max-snippet":"max-snippet:-1","max-image-preview":"max-image-preview:large","max-video-preview":"max-video-preview:-1"},"canonical":"https:\/\/www.pensiuneajojo.ro\/pensiunea-jojo\/rezervare\/","og_locale":"en_US","og_type":"article","og_title":"Rezervare - PensiuneaJojo","og_description":"JOJO Imperial, un resort de 5 stele \u00een B\u0103ile Herculane, este o pensiune modern\u0103 dar totodat\u0103 boem\u0103; o \u00eentoarcere \u00een timp la provocarea unor arhitec\u021bi vizionari, iscusi\u021bi, care au creat o atmosfera regal\u0103 desprins\u0103 din secolul al XIX-lea cu amprenta stilului art deco.","og_url":"https:\/\/www.pensiuneajojo.ro\/pensiunea-jojo\/rezervare\/","og_site_name":"PensiuneaJojo","article_modified_time":"2022-03-08T14:33:39+00:00","og_image":[{"width":1024,"height":446,"url":"https:\/\/www.pensiuneajojo.ro\/pensiunea-jojo\/wp-content\/uploads\/2022\/02\/baile-herculane-resort-5-stele-piscina-exterioara-herculane-1024x446.png","type":"image\/png"}],"twitter_card":"summary_large_image","schema":{"@context":"https:\/\/schema.org","@graph":[{"@type":"WebPage","@id":"https:\/\/www.pensiuneajojo.ro\/pensiunea-jojo\/rezervare\/","url":"https:\/\/www.pensiuneajojo.ro\/pensiunea-jojo\/rezervare\/","name":"Rezervare - PensiuneaJojo","isPartOf":{"@id":"https:\/\/www.pensiuneajojo.ro\/pensiunea-jojo\/#website"},"primaryImageOfPage":{"@id":"https:\/\/www.pensiuneajojo.ro\/pensiunea-jojo\/rezervare\/#primaryimage"},"image":{"@id":"https:\/\/www.pensiuneajojo.ro\/pensiunea-jojo\/rezervare\/#primaryimage"},"thumbnailUrl":"https:\/\/www.pensiuneajojo.ro\/pensiunea-jojo\/wp-content\/uploads\/2022\/02\/baile-herculane-resort-5-stele-piscina-exterioara-herculane.png","datePublished":"2016-11-24T18:12:01+00:00","dateModified":"2022-03-08T14:33:39+00:00","description":"JOJO Imperial, un resort de 5 stele \u00een B\u0103ile Herculane, este o pensiune modern\u0103 dar totodat\u0103 boem\u0103; o \u00eentoarcere \u00een timp la provocarea unor arhitec\u021bi vizionari, iscusi\u021bi, care au creat o atmosfera regal\u0103 desprins\u0103 din secolul al XIX-lea cu amprenta stilului art deco.","breadcrumb":{"@id":"https:\/\/www.pensiuneajojo.ro\/pensiunea-jojo\/rezervare\/#breadcrumb"},"inLanguage":"en-US","potentialAction":[{"@type":"ReadAction","target":["https:\/\/www.pensiuneajojo.ro\/pensiunea-jojo\/rezervare\/"]}]},{"@type":"ImageObject","inLanguage":"en-US","@id":"https:\/\/www.pensiuneajojo.ro\/pensiunea-jojo\/rezervare\/#primaryimage","url":"https:\/\/www.pensiuneajojo.ro\/pensiunea-jojo\/wp-content\/uploads\/2022\/02\/baile-herculane-resort-5-stele-piscina-exterioara-herculane.png","contentUrl":"https:\/\/www.pensiuneajojo.ro\/pensiunea-jojo\/wp-content\/uploads\/2022\/02\/baile-herculane-resort-5-stele-piscina-exterioara-herculane.png","width":1920,"height":836,"caption":"baile-herculane-resort-5-stele-piscina-exterioara-herculane"},{"@type":"BreadcrumbList","@id":"https:\/\/www.pensiuneajojo.ro\/pensiunea-jojo\/rezervare\/#breadcrumb","itemListElement":[{"@type":"ListItem","position":1,"name":"Home","item":"https:\/\/www.pensiuneajojo.ro\/pensiunea-jojo\/"},{"@type":"ListItem","position":2,"name":"Rezervare"}]},{"@type":"WebSite","@id":"https:\/\/www.pensiuneajojo.ro\/pensiunea-jojo\/#website","url":"https:\/\/www.pensiuneajojo.ro\/pensiunea-jojo\/","name":"PensiuneaJojo","description":".","potentialAction":[{"@type":"SearchAction","target":{"@type":"EntryPoint","urlTemplate":"https:\/\/www.pensiuneajojo.ro\/pensiunea-jojo\/?s={search_term_string}"},"query-input":{"@type":"PropertyValueSpecification","valueRequired":true,"valueName":"search_term_string"}}],"inLanguage":"en-US"}]}},"_links":{"self":[{"href":"https:\/\/www.pensiuneajojo.ro\/pensiunea-jojo\/wp-json\/wp\/v2\/pages\/56","targetHints":{"allow":["GET"]}}],"collection":[{"href":"https:\/\/www.pensiuneajojo.ro\/pensiunea-jojo\/wp-json\/wp\/v2\/pages"}],"about":[{"href":"https:\/\/www.pensiuneajojo.ro\/pensiunea-jojo\/wp-json\/wp\/v2\/types\/page"}],"author":[{"embeddable":true,"href":"https:\/\/www.pensiuneajojo.ro\/pensiunea-jojo\/wp-json\/wp\/v2\/users\/1"}],"replies":[{"embeddable":true,"href":"https:\/\/www.pensiuneajojo.ro\/pensiunea-jojo\/wp-json\/wp\/v2\/comments?post=56"}],"version-history":[{"count":3,"href":"https:\/\/www.pensiuneajojo.ro\/pensiunea-jojo\/wp-json\/wp\/v2\/pages\/56\/revisions"}],"predecessor-version":[{"id":1198,"href":"https:\/\/www.pensiuneajojo.ro\/pensiunea-jojo\/wp-json\/wp\/v2\/pages\/56\/revisions\/1198"}],"wp:featuredmedia":[{"embeddable":true,"href":"https:\/\/www.pensiuneajojo.ro\/pensiunea-jojo\/wp-json\/wp\/v2\/media\/1164"}],"wp:attachment":[{"href":"https:\/\/www.pensiuneajojo.ro\/pensiunea-jojo\/wp-json\/wp\/v2\/media?parent=56"}],"curies":[{"name":"wp","href":"https:\/\/api.w.org\/{rel}","templated":true}]}}