{"id":38,"date":"2016-11-24T18:08:55","date_gmt":"2016-11-24T18:08:55","guid":{"rendered":"http:\/\/plethorathemes.com\/hotel-xenia\/?page_id=38"},"modified":"2025-08-26T15:33:21","modified_gmt":"2025-08-26T15:33:21","slug":"camere","status":"publish","type":"page","link":"https:\/\/www.pensiuneajojo.ro\/pensiunea-jojo\/camere\/","title":{"rendered":"Camere"},"content":{"rendered":"<p>[vc_row][vc_column]<div class=\"ple_anypostloop_shortcode wpb_content_element  \"><div id=\"list_58469f451ced4\" class=\"rooms_list_classic_horizontal_wrapper \">\n        <div class=\"rooms_list_item     white_section\" >\n        <div class=\"flex\">\n                <div class=\"col-sm-6 col-sm-push-6 rooms_list_item_photo\" style=\"background-image: url('https:\/\/www.pensiuneajojo.ro\/pensiunea-jojo\/wp-content\/uploads\/2023\/01\/pensiunea-jojo-2-camera-single-interior.webp')\"><a href=\"https:\/\/www.pensiuneajojo.ro\/pensiunea-jojo\/room\/camera-single\/\" title=\"Camer\u0103 single\" target=\"_parent\" ><\/a><\/div>\n                <div class=\"col-sm-6 col-sm-pull-6\">\n                <div class=\"rooms_list_item_content\">\n                        <h3 class=\"textify_links\"><a href=\"https:\/\/www.pensiuneajojo.ro\/pensiunea-jojo\/room\/camera-single\/\" title=\"Camer\u0103 single\" target=\"_parent\" class=\"\">Camer\u0103 single<\/a><\/h3>\n                        <p class=\"subtitle\">de la 400 RON \/noapte, demipensiune<\/p>\n                        <div class=\"room_listed_amenities\">\n                                <img decoding=\"async\" src=\"https:\/\/pensiuneajojo.ro\/pensiunea-jojo\/wp-content\/uploads\/2022\/02\/mic-dejun.png\" data-toggle=\"tooltip\" data-placement=\"top\" class=\"amenities\" data-original-title=\"\"\/> \n                               \n                                <img decoding=\"async\" src=\"https:\/\/pensiuneajojo.ro\/pensiunea-jojo\/wp-content\/uploads\/2022\/02\/uscator-de-par.png\" data-toggle=\"tooltip\" data-placement=\"top\" class=\"amenities\" data-original-title=\"This room is equipped with a hair dryer\"\/> \n                               \n                                <img decoding=\"async\" src=\"https:\/\/pensiuneajojo.ro\/pensiunea-jojo\/wp-content\/uploads\/2022\/02\/aer-conditionat.png\" data-toggle=\"tooltip\" data-placement=\"top\" class=\"amenities\" data-original-title=\"\"\/> \n                               \n                        <\/div>\n                        <p class=\"excerpt\">V\u0103 punem la dispozi\u021bie camere duble cu pat matrimonial, cu servicii de top \u0219i facilit\u0103\u021bi moderne.<\/p>\n                        <a href=\"https:\/\/www.pensiuneajojo.ro\/pensiunea-jojo\/room\/camera-single\/\" title=\"Camer\u0103 single\" target=\"_parent\" class=\"btn btn-link \">Vezi mai mult...<\/a>\n                <\/div>\n                <\/div>\n        <\/div>\n        <\/div>\n        <div class=\"rooms_list_item     white_section\" >\n        <div class=\"flex\">\n                <div class=\"col-sm-6 col-sm-push-6 rooms_list_item_photo\" style=\"background-image: url('https:\/\/www.pensiuneajojo.ro\/pensiunea-jojo\/wp-content\/uploads\/2022\/08\/pensiunea-jojo-2-camera-dubla-interior.webp')\"><a href=\"https:\/\/www.pensiuneajojo.ro\/pensiunea-jojo\/room\/camera-dubla\/\" title=\"Camer\u0103 dubl\u0103\" target=\"_parent\" ><\/a><\/div>\n                <div class=\"col-sm-6 col-sm-pull-6\">\n                <div class=\"rooms_list_item_content\">\n                        <h3 class=\"textify_links\"><a href=\"https:\/\/www.pensiuneajojo.ro\/pensiunea-jojo\/room\/camera-dubla\/\" title=\"Camer\u0103 dubl\u0103\" target=\"_parent\" class=\"\">Camer\u0103 dubl\u0103<\/a><\/h3>\n                        <p class=\"subtitle\">de la 500 RON \/noapte, demipensiune<\/p>\n                        <div class=\"room_listed_amenities\">\n                                <img decoding=\"async\" src=\"https:\/\/pensiuneajojo.ro\/pensiunea-jojo\/wp-content\/uploads\/2022\/02\/mic-dejun.png\" data-toggle=\"tooltip\" data-placement=\"top\" class=\"amenities\" data-original-title=\"\"\/> \n                               \n                                <img decoding=\"async\" src=\"https:\/\/pensiuneajojo.ro\/pensiunea-jojo\/wp-content\/uploads\/2022\/02\/uscator-de-par.png\" data-toggle=\"tooltip\" data-placement=\"top\" class=\"amenities\" data-original-title=\"This room is equipped with a hair dryer\"\/> \n                               \n                                <img decoding=\"async\" src=\"https:\/\/pensiuneajojo.ro\/pensiunea-jojo\/wp-content\/uploads\/2022\/02\/aer-conditionat.png\" data-toggle=\"tooltip\" data-placement=\"top\" class=\"amenities\" data-original-title=\"\"\/> \n                               \n                        <\/div>\n                        <p class=\"excerpt\">V\u0103 punem la dispozi\u021bie camere duble cu pat matrimonial, cu servicii de top \u0219i facilit\u0103\u021bi moderne.<\/p>\n                        <a href=\"https:\/\/www.pensiuneajojo.ro\/pensiunea-jojo\/room\/camera-dubla\/\" title=\"Camer\u0103 dubl\u0103\" target=\"_parent\" class=\"btn btn-link \">Vezi mai mult...<\/a>\n                <\/div>\n                <\/div>\n        <\/div>\n        <\/div>\n        <div class=\"rooms_list_item     white_section\" >\n        <div class=\"flex\">\n                <div class=\"col-sm-6 col-sm-push-6 rooms_list_item_photo\" style=\"background-image: url('https:\/\/www.pensiuneajojo.ro\/pensiunea-jojo\/wp-content\/uploads\/2022\/09\/pensiunea-jojo-2-suita-interior-herculane.webp')\"><a href=\"https:\/\/www.pensiuneajojo.ro\/pensiunea-jojo\/room\/apartament-cu-jacuzzi\/\" title=\"Suit\u0103\" target=\"_parent\" ><\/a><\/div>\n                <div class=\"col-sm-6 col-sm-pull-6\">\n                <div class=\"rooms_list_item_content\">\n                        <h3 class=\"textify_links\"><a href=\"https:\/\/www.pensiuneajojo.ro\/pensiunea-jojo\/room\/apartament-cu-jacuzzi\/\" title=\"Suit\u0103\" target=\"_parent\" class=\"\">Suit\u0103<\/a><\/h3>\n                        <p class=\"subtitle\">de la 690 RON \/noapte, demipensiune<\/p>\n                        <div class=\"room_listed_amenities\">\n                                <img decoding=\"async\" src=\"https:\/\/pensiuneajojo.ro\/pensiunea-jojo\/wp-content\/uploads\/2022\/02\/mic-dejun.png\" data-toggle=\"tooltip\" data-placement=\"top\" class=\"amenities\" data-original-title=\"\"\/> \n                               \n                                <img decoding=\"async\" src=\"https:\/\/pensiuneajojo.ro\/pensiunea-jojo\/wp-content\/uploads\/2022\/02\/uscator-de-par.png\" data-toggle=\"tooltip\" data-placement=\"top\" class=\"amenities\" data-original-title=\"This room is equipped with a hair dryer\"\/> \n                               \n                                <img decoding=\"async\" src=\"https:\/\/pensiuneajojo.ro\/pensiunea-jojo\/wp-content\/uploads\/2022\/02\/aer-conditionat.png\" data-toggle=\"tooltip\" data-placement=\"top\" class=\"amenities\" data-original-title=\"\"\/> \n                               \n                        <\/div>\n                        <p class=\"excerpt\">V\u0103 punem la dispozi\u021bie un apartament cu jacuzzi, cu servicii de top \u0219i facilit\u0103\u021bi moderne.<\/p>\n                        <a href=\"https:\/\/www.pensiuneajojo.ro\/pensiunea-jojo\/room\/apartament-cu-jacuzzi\/\" title=\"Suit\u0103\" target=\"_parent\" class=\"btn btn-link \">Vezi mai mult...<\/a>\n                <\/div>\n                <\/div>\n        <\/div>\n        <\/div>\n        <div class=\"rooms_list_item     white_section\" >\n        <div class=\"flex\">\n                <div class=\"col-sm-6 col-sm-push-6 rooms_list_item_photo\" style=\"background-image: url('https:\/\/www.pensiuneajojo.ro\/pensiunea-jojo\/wp-content\/uploads\/2022\/09\/pensiunea-jojo-2-apartament-mansarda-interior-herculane.webp')\"><a href=\"https:\/\/www.pensiuneajojo.ro\/pensiunea-jojo\/room\/apartament-la-mansarda\/\" title=\"Apartament la mansard\u0103\" target=\"_parent\" ><\/a><\/div>\n                <div class=\"col-sm-6 col-sm-pull-6\">\n                <div class=\"rooms_list_item_content\">\n                        <h3 class=\"textify_links\"><a href=\"https:\/\/www.pensiuneajojo.ro\/pensiunea-jojo\/room\/apartament-la-mansarda\/\" title=\"Apartament la mansard\u0103\" target=\"_parent\" class=\"\">Apartament la mansard\u0103<\/a><\/h3>\n                        <p class=\"subtitle\">de la 590 RON \/noapte, demipensiune<\/p>\n                        <div class=\"room_listed_amenities\">\n                                <img decoding=\"async\" src=\"https:\/\/pensiuneajojo.ro\/pensiunea-jojo\/wp-content\/uploads\/2022\/02\/mic-dejun.png\" data-toggle=\"tooltip\" data-placement=\"top\" class=\"amenities\" data-original-title=\"\"\/> \n                               \n                                <img decoding=\"async\" src=\"https:\/\/pensiuneajojo.ro\/pensiunea-jojo\/wp-content\/uploads\/2022\/02\/uscator-de-par.png\" data-toggle=\"tooltip\" data-placement=\"top\" class=\"amenities\" data-original-title=\"This room is equipped with a hair dryer\"\/> \n                               \n                                <img decoding=\"async\" src=\"https:\/\/pensiuneajojo.ro\/pensiunea-jojo\/wp-content\/uploads\/2022\/02\/aer-conditionat.png\" data-toggle=\"tooltip\" data-placement=\"top\" class=\"amenities\" data-original-title=\"\"\/> \n                               \n                        <\/div>\n                        <p class=\"excerpt\">Apartamente cu dou\u0103 camere \u0219i balcon privat, pentru a v\u0103 garanta un sejur de neuitat la B\u0103ile Herculane.<\/p>\n                        <a href=\"https:\/\/www.pensiuneajojo.ro\/pensiunea-jojo\/room\/apartament-la-mansarda\/\" title=\"Apartament la mansard\u0103\" target=\"_parent\" class=\"btn btn-link \">Vezi mai mult...<\/a>\n                <\/div>\n                <\/div>\n        <\/div>\n        <\/div>\n<\/div><\/div>[\/vc_column][\/vc_row]<\/p>\n","protected":false},"excerpt":{"rendered":"<p>[vc_row][vc_column][\/vc_column][\/vc_row]<\/p>\n","protected":false},"author":1,"featured_media":2234,"parent":0,"menu_order":0,"comment_status":"closed","ping_status":"closed","template":"","meta":{"footnotes":""},"class_list":["post-38","page","type-page","status-publish","has-post-thumbnail","hentry"],"yoast_head":"<!-- This site is optimized with the Yoast SEO plugin v26.2 - https:\/\/yoast.com\/wordpress\/plugins\/seo\/ -->\n<title>Camere - PensiuneaJojo<\/title>\n<meta name=\"description\" content=\"JOJO Imperial, un resort de 5 stele \u00een B\u0103ile Herculane, ofer\u0103 un centru de wellness, cu cad\u0103 cu hidromasaj \u0219i diverse tratamente de s\u0103n\u0103tate. Cazare B\u0103ile Herculane, recuperare medical\u0103, tratament balnear, acupunctur\u0103, masaj de relaxare, drume\u021bii.\" \/>\n<meta name=\"robots\" content=\"index, follow, max-snippet:-1, max-image-preview:large, max-video-preview:-1\" \/>\n<link rel=\"canonical\" href=\"https:\/\/www.pensiuneajojo.ro\/pensiunea-jojo\/camere\/\" \/>\n<meta property=\"og:locale\" content=\"en_US\" \/>\n<meta property=\"og:type\" content=\"article\" \/>\n<meta property=\"og:title\" content=\"Camere - PensiuneaJojo\" \/>\n<meta property=\"og:description\" content=\"JOJO Imperial, un resort de 5 stele \u00een B\u0103ile Herculane, ofer\u0103 un centru de wellness, cu cad\u0103 cu hidromasaj \u0219i diverse tratamente de s\u0103n\u0103tate. Cazare B\u0103ile Herculane, recuperare medical\u0103, tratament balnear, acupunctur\u0103, masaj de relaxare, drume\u021bii.\" \/>\n<meta property=\"og:url\" content=\"https:\/\/www.pensiuneajojo.ro\/pensiunea-jojo\/camere\/\" \/>\n<meta property=\"og:site_name\" content=\"PensiuneaJojo\" \/>\n<meta property=\"article:modified_time\" content=\"2025-08-26T15:33:21+00:00\" \/>\n<meta property=\"og:image\" content=\"https:\/\/www.pensiuneajojo.ro\/pensiunea-jojo\/wp-content\/uploads\/2025\/08\/pensiunea-jojo-2-baile-herculane-camerele-noastre-hp.webp\" \/>\n\t<meta property=\"og:image:width\" content=\"1920\" \/>\n\t<meta property=\"og:image:height\" content=\"836\" \/>\n\t<meta property=\"og:image:type\" content=\"image\/webp\" \/>\n<meta name=\"twitter:card\" content=\"summary_large_image\" \/>\n<meta name=\"twitter:label1\" content=\"Est. reading time\" \/>\n\t<meta name=\"twitter:data1\" content=\"1 minute\" \/>\n<script type=\"application\/ld+json\" class=\"yoast-schema-graph\">{\"@context\":\"https:\/\/schema.org\",\"@graph\":[{\"@type\":\"WebPage\",\"@id\":\"https:\/\/www.pensiuneajojo.ro\/pensiunea-jojo\/camere\/\",\"url\":\"https:\/\/www.pensiuneajojo.ro\/pensiunea-jojo\/camere\/\",\"name\":\"Camere - PensiuneaJojo\",\"isPartOf\":{\"@id\":\"https:\/\/www.pensiuneajojo.ro\/pensiunea-jojo\/#website\"},\"primaryImageOfPage\":{\"@id\":\"https:\/\/www.pensiuneajojo.ro\/pensiunea-jojo\/camere\/#primaryimage\"},\"image\":{\"@id\":\"https:\/\/www.pensiuneajojo.ro\/pensiunea-jojo\/camere\/#primaryimage\"},\"thumbnailUrl\":\"https:\/\/www.pensiuneajojo.ro\/pensiunea-jojo\/wp-content\/uploads\/2025\/08\/pensiunea-jojo-2-baile-herculane-camerele-noastre-hp.webp\",\"datePublished\":\"2016-11-24T18:08:55+00:00\",\"dateModified\":\"2025-08-26T15:33:21+00:00\",\"description\":\"JOJO Imperial, un resort de 5 stele \u00een B\u0103ile Herculane, ofer\u0103 un centru de wellness, cu cad\u0103 cu hidromasaj \u0219i diverse tratamente de s\u0103n\u0103tate. Cazare B\u0103ile Herculane, recuperare medical\u0103, tratament balnear, acupunctur\u0103, masaj de relaxare, drume\u021bii.\",\"breadcrumb\":{\"@id\":\"https:\/\/www.pensiuneajojo.ro\/pensiunea-jojo\/camere\/#breadcrumb\"},\"inLanguage\":\"en-US\",\"potentialAction\":[{\"@type\":\"ReadAction\",\"target\":[\"https:\/\/www.pensiuneajojo.ro\/pensiunea-jojo\/camere\/\"]}]},{\"@type\":\"ImageObject\",\"inLanguage\":\"en-US\",\"@id\":\"https:\/\/www.pensiuneajojo.ro\/pensiunea-jojo\/camere\/#primaryimage\",\"url\":\"https:\/\/www.pensiuneajojo.ro\/pensiunea-jojo\/wp-content\/uploads\/2025\/08\/pensiunea-jojo-2-baile-herculane-camerele-noastre-hp.webp\",\"contentUrl\":\"https:\/\/www.pensiuneajojo.ro\/pensiunea-jojo\/wp-content\/uploads\/2025\/08\/pensiunea-jojo-2-baile-herculane-camerele-noastre-hp.webp\",\"width\":1920,\"height\":836},{\"@type\":\"BreadcrumbList\",\"@id\":\"https:\/\/www.pensiuneajojo.ro\/pensiunea-jojo\/camere\/#breadcrumb\",\"itemListElement\":[{\"@type\":\"ListItem\",\"position\":1,\"name\":\"Home\",\"item\":\"https:\/\/www.pensiuneajojo.ro\/pensiunea-jojo\/\"},{\"@type\":\"ListItem\",\"position\":2,\"name\":\"Camere\"}]},{\"@type\":\"WebSite\",\"@id\":\"https:\/\/www.pensiuneajojo.ro\/pensiunea-jojo\/#website\",\"url\":\"https:\/\/www.pensiuneajojo.ro\/pensiunea-jojo\/\",\"name\":\"PensiuneaJojo\",\"description\":\".\",\"potentialAction\":[{\"@type\":\"SearchAction\",\"target\":{\"@type\":\"EntryPoint\",\"urlTemplate\":\"https:\/\/www.pensiuneajojo.ro\/pensiunea-jojo\/?s={search_term_string}\"},\"query-input\":{\"@type\":\"PropertyValueSpecification\",\"valueRequired\":true,\"valueName\":\"search_term_string\"}}],\"inLanguage\":\"en-US\"}]}<\/script>\n<!-- \/ Yoast SEO plugin. -->","yoast_head_json":{"title":"Camere - PensiuneaJojo","description":"JOJO Imperial, un resort de 5 stele \u00een B\u0103ile Herculane, ofer\u0103 un centru de wellness, cu cad\u0103 cu hidromasaj \u0219i diverse tratamente de s\u0103n\u0103tate. Cazare B\u0103ile Herculane, recuperare medical\u0103, tratament balnear, acupunctur\u0103, masaj de relaxare, drume\u021bii.","robots":{"index":"index","follow":"follow","max-snippet":"max-snippet:-1","max-image-preview":"max-image-preview:large","max-video-preview":"max-video-preview:-1"},"canonical":"https:\/\/www.pensiuneajojo.ro\/pensiunea-jojo\/camere\/","og_locale":"en_US","og_type":"article","og_title":"Camere - PensiuneaJojo","og_description":"JOJO Imperial, un resort de 5 stele \u00een B\u0103ile Herculane, ofer\u0103 un centru de wellness, cu cad\u0103 cu hidromasaj \u0219i diverse tratamente de s\u0103n\u0103tate. Cazare B\u0103ile Herculane, recuperare medical\u0103, tratament balnear, acupunctur\u0103, masaj de relaxare, drume\u021bii.","og_url":"https:\/\/www.pensiuneajojo.ro\/pensiunea-jojo\/camere\/","og_site_name":"PensiuneaJojo","article_modified_time":"2025-08-26T15:33:21+00:00","og_image":[{"width":1920,"height":836,"url":"https:\/\/www.pensiuneajojo.ro\/pensiunea-jojo\/wp-content\/uploads\/2025\/08\/pensiunea-jojo-2-baile-herculane-camerele-noastre-hp.webp","type":"image\/webp"}],"twitter_card":"summary_large_image","twitter_misc":{"Est. reading time":"1 minute"},"schema":{"@context":"https:\/\/schema.org","@graph":[{"@type":"WebPage","@id":"https:\/\/www.pensiuneajojo.ro\/pensiunea-jojo\/camere\/","url":"https:\/\/www.pensiuneajojo.ro\/pensiunea-jojo\/camere\/","name":"Camere - PensiuneaJojo","isPartOf":{"@id":"https:\/\/www.pensiuneajojo.ro\/pensiunea-jojo\/#website"},"primaryImageOfPage":{"@id":"https:\/\/www.pensiuneajojo.ro\/pensiunea-jojo\/camere\/#primaryimage"},"image":{"@id":"https:\/\/www.pensiuneajojo.ro\/pensiunea-jojo\/camere\/#primaryimage"},"thumbnailUrl":"https:\/\/www.pensiuneajojo.ro\/pensiunea-jojo\/wp-content\/uploads\/2025\/08\/pensiunea-jojo-2-baile-herculane-camerele-noastre-hp.webp","datePublished":"2016-11-24T18:08:55+00:00","dateModified":"2025-08-26T15:33:21+00:00","description":"JOJO Imperial, un resort de 5 stele \u00een B\u0103ile Herculane, ofer\u0103 un centru de wellness, cu cad\u0103 cu hidromasaj \u0219i diverse tratamente de s\u0103n\u0103tate. Cazare B\u0103ile Herculane, recuperare medical\u0103, tratament balnear, acupunctur\u0103, masaj de relaxare, drume\u021bii.","breadcrumb":{"@id":"https:\/\/www.pensiuneajojo.ro\/pensiunea-jojo\/camere\/#breadcrumb"},"inLanguage":"en-US","potentialAction":[{"@type":"ReadAction","target":["https:\/\/www.pensiuneajojo.ro\/pensiunea-jojo\/camere\/"]}]},{"@type":"ImageObject","inLanguage":"en-US","@id":"https:\/\/www.pensiuneajojo.ro\/pensiunea-jojo\/camere\/#primaryimage","url":"https:\/\/www.pensiuneajojo.ro\/pensiunea-jojo\/wp-content\/uploads\/2025\/08\/pensiunea-jojo-2-baile-herculane-camerele-noastre-hp.webp","contentUrl":"https:\/\/www.pensiuneajojo.ro\/pensiunea-jojo\/wp-content\/uploads\/2025\/08\/pensiunea-jojo-2-baile-herculane-camerele-noastre-hp.webp","width":1920,"height":836},{"@type":"BreadcrumbList","@id":"https:\/\/www.pensiuneajojo.ro\/pensiunea-jojo\/camere\/#breadcrumb","itemListElement":[{"@type":"ListItem","position":1,"name":"Home","item":"https:\/\/www.pensiuneajojo.ro\/pensiunea-jojo\/"},{"@type":"ListItem","position":2,"name":"Camere"}]},{"@type":"WebSite","@id":"https:\/\/www.pensiuneajojo.ro\/pensiunea-jojo\/#website","url":"https:\/\/www.pensiuneajojo.ro\/pensiunea-jojo\/","name":"PensiuneaJojo","description":".","potentialAction":[{"@type":"SearchAction","target":{"@type":"EntryPoint","urlTemplate":"https:\/\/www.pensiuneajojo.ro\/pensiunea-jojo\/?s={search_term_string}"},"query-input":{"@type":"PropertyValueSpecification","valueRequired":true,"valueName":"search_term_string"}}],"inLanguage":"en-US"}]}},"_links":{"self":[{"href":"https:\/\/www.pensiuneajojo.ro\/pensiunea-jojo\/wp-json\/wp\/v2\/pages\/38","targetHints":{"allow":["GET"]}}],"collection":[{"href":"https:\/\/www.pensiuneajojo.ro\/pensiunea-jojo\/wp-json\/wp\/v2\/pages"}],"about":[{"href":"https:\/\/www.pensiuneajojo.ro\/pensiunea-jojo\/wp-json\/wp\/v2\/types\/page"}],"author":[{"embeddable":true,"href":"https:\/\/www.pensiuneajojo.ro\/pensiunea-jojo\/wp-json\/wp\/v2\/users\/1"}],"replies":[{"embeddable":true,"href":"https:\/\/www.pensiuneajojo.ro\/pensiunea-jojo\/wp-json\/wp\/v2\/comments?post=38"}],"version-history":[{"count":6,"href":"https:\/\/www.pensiuneajojo.ro\/pensiunea-jojo\/wp-json\/wp\/v2\/pages\/38\/revisions"}],"predecessor-version":[{"id":1660,"href":"https:\/\/www.pensiuneajojo.ro\/pensiunea-jojo\/wp-json\/wp\/v2\/pages\/38\/revisions\/1660"}],"wp:featuredmedia":[{"embeddable":true,"href":"https:\/\/www.pensiuneajojo.ro\/pensiunea-jojo\/wp-json\/wp\/v2\/media\/2234"}],"wp:attachment":[{"href":"https:\/\/www.pensiuneajojo.ro\/pensiunea-jojo\/wp-json\/wp\/v2\/media?parent=38"}],"curies":[{"name":"wp","href":"https:\/\/api.w.org\/{rel}","templated":true}]}}