{"id":676,"date":"2017-01-31T08:10:35","date_gmt":"2017-01-31T08:10:35","guid":{"rendered":"http:\/\/plethorathemes.com\/hotel-xenia\/?page_id=676"},"modified":"2022-03-07T06:46:31","modified_gmt":"2022-03-07T06:46:31","slug":"blog-atractii-turistice","status":"publish","type":"page","link":"https:\/\/www.pensiuneajojo.ro\/jojo-imperial\/blog-atractii-turistice\/","title":{"rendered":"Blog"},"content":{"rendered":"<p>[vc_row][vc_column]<div class=\"ple_anypostloop_shortcode wpb_content_element  \"><div id=\"masonry_589046063892e\" class=\"grid_wrapper masonry_grid row clearfix\">    \n        <div class=\"blog_post_card blog_post_listed grid_item grid_sizer col-md-4 col-sm-6 col-xs-12  uncategorized\">\n        <div class=\"blog_post_listed_wrapper  \">\n                <div class=\"blog_post_listed_media\">\n                        <a href=\"https:\/\/www.pensiuneajojo.ro\/jojo-imperial\/traseul-crucea-albaturul-foisoarelor\/\" target=\"_parent\" class=\"\">\n                        \n                        <figure><img decoding=\"async\" src=\"https:\/\/www.pensiuneajojo.ro\/jojo-imperial\/wp-content\/uploads\/2023\/01\/traseu-foisoare-baile-herculane-1024x683.jpg\" alt=\"Turul foi\u0219oarelor\"><\/figure>   \n                        \n                        <\/a>\n                <\/div>\n                <div class=\"blog_post_listed_texts white_section\">\n                        <span class=\"blog_post_date\">Jan 2023<\/span>\n                        <h4 class=\"textify_links\"><a href=\"https:\/\/www.pensiuneajojo.ro\/jojo-imperial\/traseul-crucea-albaturul-foisoarelor\/\" target=\"_parent\" class=\"\">Turul foi\u0219oarelor<\/a><\/h4>\n                        <span class=\"blog_post_author\">by <span><a href=\"https:\/\/www.pensiuneajojo.ro\/jojo-imperial\/author\/admin\/\">admin<\/a><\/span><\/span>\n                        <div class=\"blog_post_listed_content_wrapper\">\u00a0 Dac\u0103 v\u0103 afla\u021bi \u00een B\u0103ile Herculane \u0219i dori\u021bi o activitate care s\u0103 v\u0103 relaxeze&hellip;<\/div>\n                        <a href=\"https:\/\/www.pensiuneajojo.ro\/jojo-imperial\/traseul-crucea-albaturul-foisoarelor\/\" target=\"_parent\" class=\"btn btn-default \">AFL\u0102 MAI MULTE<\/a> \n                <\/div>                  \n        <\/div> \n        <\/div>       \n        <div class=\"blog_post_card blog_post_listed grid_item grid_sizer col-md-4 col-sm-6 col-xs-12  uncategorized\">\n        <div class=\"blog_post_listed_wrapper  \">\n                <div class=\"blog_post_listed_media\">\n                        <a href=\"https:\/\/www.pensiuneajojo.ro\/jojo-imperial\/crucea-alba\/\" target=\"_parent\" class=\"\">\n                        \n                        <figure><img decoding=\"async\" src=\"https:\/\/www.pensiuneajojo.ro\/jojo-imperial\/wp-content\/uploads\/2023\/01\/traseu-crucea-alba-baile-herculane-1024x683.jpg\" alt=\"Traseul Crucea Alb\u0103\"><\/figure>   \n                        \n                        <\/a>\n                <\/div>\n                <div class=\"blog_post_listed_texts white_section\">\n                        <span class=\"blog_post_date\">Jan 2023<\/span>\n                        <h4 class=\"textify_links\"><a href=\"https:\/\/www.pensiuneajojo.ro\/jojo-imperial\/crucea-alba\/\" target=\"_parent\" class=\"\">Traseul Crucea Alb\u0103<\/a><\/h4>\n                        <span class=\"blog_post_author\">by <span><a href=\"https:\/\/www.pensiuneajojo.ro\/jojo-imperial\/author\/admin\/\">admin<\/a><\/span><\/span>\n                        <div class=\"blog_post_listed_content_wrapper\">B\u0103ile Herculane este o zon\u0103 extrem de ofertant\u0103 din punctul de vedere al traseelor montane,&hellip;<\/div>\n                        <a href=\"https:\/\/www.pensiuneajojo.ro\/jojo-imperial\/crucea-alba\/\" target=\"_parent\" class=\"btn btn-default \">AFL\u0102 MAI MULTE<\/a> \n                <\/div>                  \n        <\/div> \n        <\/div>       \n        <div class=\"blog_post_card blog_post_listed grid_item grid_sizer col-md-4 col-sm-6 col-xs-12  uncategorized\">\n        <div class=\"blog_post_listed_wrapper  \">\n                <div class=\"blog_post_listed_media\">\n                        <a href=\"https:\/\/www.pensiuneajojo.ro\/jojo-imperial\/manastirea-nera\/\" target=\"_parent\" class=\"\">\n                        \n                        <figure><img decoding=\"async\" src=\"https:\/\/www.pensiuneajojo.ro\/jojo-imperial\/wp-content\/uploads\/2023\/01\/manastirea-nera-produse-naturiste-1024x682.jpg\" alt=\"M\u0103n\u0103stirea Nera\"><\/figure>   \n                        \n                        <\/a>\n                <\/div>\n                <div class=\"blog_post_listed_texts white_section\">\n                        <span class=\"blog_post_date\">Jan 2023<\/span>\n                        <h4 class=\"textify_links\"><a href=\"https:\/\/www.pensiuneajojo.ro\/jojo-imperial\/manastirea-nera\/\" target=\"_parent\" class=\"\">M\u0103n\u0103stirea Nera<\/a><\/h4>\n                        <span class=\"blog_post_author\">by <span><a href=\"https:\/\/www.pensiuneajojo.ro\/jojo-imperial\/author\/admin\/\">admin<\/a><\/span><\/span>\n                        <div class=\"blog_post_listed_content_wrapper\">M\u0103n\u0103stirea Nera se afl\u0103 \u00een comuna Sasca Montan\u0103 din jude\u021bul Cara\u0219-Severin, \u00een apropierea Cheilor Nerei&hellip;<\/div>\n                        <a href=\"https:\/\/www.pensiuneajojo.ro\/jojo-imperial\/manastirea-nera\/\" target=\"_parent\" class=\"btn btn-default \">AFL\u0102 MAI MULTE<\/a> \n                <\/div>                  \n        <\/div> \n        <\/div>       \n        <div class=\"blog_post_card blog_post_listed grid_item grid_sizer col-md-4 col-sm-6 col-xs-12  uncategorized\">\n        <div class=\"blog_post_listed_wrapper  \">\n                <div class=\"blog_post_listed_media\">\n                        <a href=\"https:\/\/www.pensiuneajojo.ro\/jojo-imperial\/manastirea-mraconia\/\" target=\"_parent\" class=\"\">\n                        \n                        <figure><img decoding=\"async\" src=\"https:\/\/www.pensiuneajojo.ro\/jojo-imperial\/wp-content\/uploads\/2022\/03\/Mraconia-Manastirea.jpg\" alt=\"M\u0103n\u0103stirea Mraconia\"><\/figure>   \n                        \n                        <\/a>\n                <\/div>\n                <div class=\"blog_post_listed_texts white_section\">\n                        <span class=\"blog_post_date\">Jan 2022<\/span>\n                        <h4 class=\"textify_links\"><a href=\"https:\/\/www.pensiuneajojo.ro\/jojo-imperial\/manastirea-mraconia\/\" target=\"_parent\" class=\"\">M\u0103n\u0103stirea Mraconia<\/a><\/h4>\n                        <span class=\"blog_post_author\">by <span><a href=\"https:\/\/www.pensiuneajojo.ro\/jojo-imperial\/author\/admin\/\">admin<\/a><\/span><\/span>\n                        <div class=\"blog_post_listed_content_wrapper\">M\u0103n\u0103stirea Mraconia se afl\u0103 \u00een comuna Duhova din jude\u021bul Mehedin\u021bi, la o distan\u021b\u0103 de 15&hellip;<\/div>\n                        <a href=\"https:\/\/www.pensiuneajojo.ro\/jojo-imperial\/manastirea-mraconia\/\" target=\"_parent\" class=\"btn btn-default \">AFL\u0102 MAI MULTE<\/a> \n                <\/div>                  \n        <\/div> \n        <\/div>       \n        <div class=\"blog_post_card blog_post_listed grid_item grid_sizer col-md-4 col-sm-6 col-xs-12  accommodation uncategorized\">\n        <div class=\"blog_post_listed_wrapper  \">\n                <div class=\"blog_post_listed_media\">\n                        <a href=\"https:\/\/www.pensiuneajojo.ro\/jojo-imperial\/cetate-severin\/\" target=\"_parent\" class=\"\">\n                        \n                        <figure><img decoding=\"async\" src=\"https:\/\/www.pensiuneajojo.ro\/jojo-imperial\/wp-content\/uploads\/2022\/03\/Cetatea_Severinului.jpg\" alt=\"Cetatea medieval\u0103 a Severinului\"><\/figure>   \n                        \n                        <\/a>\n                <\/div>\n                <div class=\"blog_post_listed_texts white_section\">\n                        <span class=\"blog_post_date\">Dec 2016<\/span>\n                        <h4 class=\"textify_links\"><a href=\"https:\/\/www.pensiuneajojo.ro\/jojo-imperial\/cetate-severin\/\" target=\"_parent\" class=\"\">Cetatea medieval\u0103 a Severinului<\/a><\/h4>\n                        <span class=\"blog_post_author\">by <span><a href=\"https:\/\/www.pensiuneajojo.ro\/jojo-imperial\/author\/admin\/\">admin<\/a><\/span><\/span>\n                        <div class=\"blog_post_listed_content_wrapper\">Ruinele Cet\u0103\u021bii Severinului reprezint\u0103 un ansamblu de monumente istorice aflat pe teritoriul municipiului Drobeta Turnu&hellip;<\/div>\n                        <a href=\"https:\/\/www.pensiuneajojo.ro\/jojo-imperial\/cetate-severin\/\" target=\"_parent\" class=\"btn btn-default \">AFL\u0102 MAI MULTE<\/a> \n                <\/div>                  \n        <\/div> \n        <\/div>       \n        <div class=\"blog_post_card blog_post_listed grid_item grid_sizer col-md-4 col-sm-6 col-xs-12  uncategorized\">\n        <div class=\"blog_post_listed_wrapper  \">\n                <div class=\"blog_post_listed_media\">\n                        <a href=\"https:\/\/www.pensiuneajojo.ro\/jojo-imperial\/manastirea-sfanta-ana\/\" target=\"_parent\" class=\"\">\n                        \n                        <figure><img decoding=\"async\" src=\"https:\/\/www.pensiuneajojo.ro\/jojo-imperial\/wp-content\/uploads\/2022\/03\/manastirea-orsova.jpg\" alt=\"M\u0103n\u0103stirea Sf\u00e2nta Ana din Or\u0219ova\"><\/figure>   \n                        \n                        <\/a>\n                <\/div>\n                <div class=\"blog_post_listed_texts white_section\">\n                        <span class=\"blog_post_date\">Dec 2016<\/span>\n                        <h4 class=\"textify_links\"><a href=\"https:\/\/www.pensiuneajojo.ro\/jojo-imperial\/manastirea-sfanta-ana\/\" target=\"_parent\" class=\"\">M\u0103n\u0103stirea Sf\u00e2nta Ana din Or\u0219ova<\/a><\/h4>\n                        <span class=\"blog_post_author\">by <span><a href=\"https:\/\/www.pensiuneajojo.ro\/jojo-imperial\/author\/admin\/\">admin<\/a><\/span><\/span>\n                        <div class=\"blog_post_listed_content_wrapper\">M\u0103n\u0103stirea Sf\u00e2nta Ana este situat\u0103 \u00een ora\u0219ul Or\u0219ova pe defileul Dun\u0103rii, unul dintre cele mai&hellip;<\/div>\n                        <a href=\"https:\/\/www.pensiuneajojo.ro\/jojo-imperial\/manastirea-sfanta-ana\/\" target=\"_parent\" class=\"btn btn-default \">AFL\u0102 MAI MULTE<\/a> \n                <\/div>                  \n        <\/div> \n        <\/div>       \n        <div class=\"blog_post_card blog_post_listed grid_item grid_sizer col-md-4 col-sm-6 col-xs-12  pool-swim uncategorized\">\n        <div class=\"blog_post_listed_wrapper  \">\n                <div class=\"blog_post_listed_media\">\n                        <a href=\"https:\/\/www.pensiuneajojo.ro\/jojo-imperial\/chipul-lui-decebal\/\" target=\"_parent\" class=\"\">\n                        \n                        <figure><img decoding=\"async\" src=\"https:\/\/www.pensiuneajojo.ro\/jojo-imperial\/wp-content\/uploads\/2022\/03\/Chip_Decebal.jpg\" alt=\"Chipul lui Decebal la Dun\u0103re\"><\/figure>   \n                        \n                        <\/a>\n                <\/div>\n                <div class=\"blog_post_listed_texts white_section\">\n                        <span class=\"blog_post_date\">Dec 2016<\/span>\n                        <h4 class=\"textify_links\"><a href=\"https:\/\/www.pensiuneajojo.ro\/jojo-imperial\/chipul-lui-decebal\/\" target=\"_parent\" class=\"\">Chipul lui Decebal la Dun\u0103re<\/a><\/h4>\n                        <span class=\"blog_post_author\">by <span><a href=\"https:\/\/www.pensiuneajojo.ro\/jojo-imperial\/author\/admin\/\">admin<\/a><\/span><\/span>\n                        <div class=\"blog_post_listed_content_wrapper\">Chipul regelui dac Decebal este un basorelief \u00eenalt de 55&nbsp;m, aflat pe malul st\u00e2ncos al&hellip;<\/div>\n                        <a href=\"https:\/\/www.pensiuneajojo.ro\/jojo-imperial\/chipul-lui-decebal\/\" target=\"_parent\" class=\"btn btn-default \">AFL\u0102 MAI MULTE<\/a> \n                <\/div>                  \n        <\/div> \n        <\/div>       \n        <div class=\"blog_post_card blog_post_listed grid_item grid_sizer col-md-4 col-sm-6 col-xs-12  uncategorized\">\n        <div class=\"blog_post_listed_wrapper  \">\n                <div class=\"blog_post_listed_media\">\n                        <a href=\"https:\/\/www.pensiuneajojo.ro\/jojo-imperial\/cascada-bigar\/\" target=\"_parent\" class=\"\">\n                        \n                        <figure><img decoding=\"async\" src=\"https:\/\/www.pensiuneajojo.ro\/jojo-imperial\/wp-content\/uploads\/2022\/03\/cascada-bigar-baile-herculane-pensiunea-jojo-cazare-2022.png\" alt=\"Cascada Big\u0103r\"><\/figure>   \n                        \n                        <\/a>\n                <\/div>\n                <div class=\"blog_post_listed_texts white_section\">\n                        <span class=\"blog_post_date\">Dec 2016<\/span>\n                        <h4 class=\"textify_links\"><a href=\"https:\/\/www.pensiuneajojo.ro\/jojo-imperial\/cascada-bigar\/\" target=\"_parent\" class=\"\">Cascada Big\u0103r<\/a><\/h4>\n                        <span class=\"blog_post_author\">by <span><a href=\"https:\/\/www.pensiuneajojo.ro\/jojo-imperial\/author\/admin\/\">admin<\/a><\/span><\/span>\n                        <div class=\"blog_post_listed_content_wrapper\">Considerat\u0103 una dintre cele mai spectaculoase cascade din lume, Big\u0103r formeaz\u0103 un peisaj ie\u015fit din&hellip;<\/div>\n                        <a href=\"https:\/\/www.pensiuneajojo.ro\/jojo-imperial\/cascada-bigar\/\" target=\"_parent\" class=\"btn btn-default \">AFL\u0102 MAI MULTE<\/a> \n                <\/div>                  \n        <\/div> \n        <\/div>       \n        <div class=\"blog_post_card blog_post_listed grid_item grid_sizer col-md-4 col-sm-6 col-xs-12  uncategorized\">\n        <div class=\"blog_post_listed_wrapper  \">\n                <div class=\"blog_post_listed_media\">\n                        <a href=\"https:\/\/www.pensiuneajojo.ro\/jojo-imperial\/muntii-domogled\/\" target=\"_parent\" class=\"\">\n                        \n                        <figure><img decoding=\"async\" src=\"https:\/\/www.pensiuneajojo.ro\/jojo-imperial\/wp-content\/uploads\/2022\/03\/muntii-domogled-raul-cerna-cazare-sejur-baile-herculane-pensiunea-jojo.png\" alt=\"Mun\u021bii Domogled\"><\/figure>   \n                        \n                        <\/a>\n                <\/div>\n                <div class=\"blog_post_listed_texts white_section\">\n                        <span class=\"blog_post_date\">Dec 2016<\/span>\n                        <h4 class=\"textify_links\"><a href=\"https:\/\/www.pensiuneajojo.ro\/jojo-imperial\/muntii-domogled\/\" target=\"_parent\" class=\"\">Mun\u021bii Domogled<\/a><\/h4>\n                        <span class=\"blog_post_author\">by <span><a href=\"https:\/\/www.pensiuneajojo.ro\/jojo-imperial\/author\/admin\/\">admin<\/a><\/span><\/span>\n                        <div class=\"blog_post_listed_content_wrapper\">Oferind o multitudine de op\u021biuni de drume\u021bie \u0219i priveli\u0219ti excep\u021bionale, parcul Na\u0163ional Domogled \u2013 Valea&hellip;<\/div>\n                        <a href=\"https:\/\/www.pensiuneajojo.ro\/jojo-imperial\/muntii-domogled\/\" target=\"_parent\" class=\"btn btn-default \">AFL\u0102 MAI MULTE<\/a> \n                <\/div>                  \n        <\/div> \n        <\/div>       \n<\/div><\/div>[\/vc_column][\/vc_row]<\/p>\n","protected":false},"excerpt":{"rendered":"<p>[vc_row][vc_column][\/vc_column][\/vc_row]<\/p>\n","protected":false},"author":1,"featured_media":0,"parent":0,"menu_order":0,"comment_status":"closed","ping_status":"closed","template":"","meta":{"footnotes":""},"class_list":["post-676","page","type-page","status-publish","hentry"],"yoast_head":"<!-- This site is optimized with the Yoast SEO plugin v26.2 - https:\/\/yoast.com\/wordpress\/plugins\/seo\/ -->\n<title>Blog - Pensiunea Jojo - Baile Herculane<\/title>\n<meta name=\"description\" content=\"Pensiunea Jojo se afl\u0103 \u00een sta\u021biunea B\u0103ile Herculane \u0219i ofer\u0103 un centru de wellness, cu cad\u0103 cu hidromasaj \u0219i diverse tratamente de s\u0103n\u0103tate.\" \/>\n<meta name=\"robots\" content=\"index, follow, max-snippet:-1, max-image-preview:large, max-video-preview:-1\" \/>\n<link rel=\"canonical\" href=\"https:\/\/www.pensiuneajojo.ro\/jojo-imperial\/blog-atractii-turistice\/\" \/>\n<meta property=\"og:locale\" content=\"en_US\" \/>\n<meta property=\"og:type\" content=\"article\" \/>\n<meta property=\"og:title\" content=\"Blog - Pensiunea Jojo - Baile Herculane\" \/>\n<meta property=\"og:description\" content=\"Pensiunea Jojo se afl\u0103 \u00een sta\u021biunea B\u0103ile Herculane \u0219i ofer\u0103 un centru de wellness, cu cad\u0103 cu hidromasaj \u0219i diverse tratamente de s\u0103n\u0103tate.\" \/>\n<meta property=\"og:url\" content=\"https:\/\/www.pensiuneajojo.ro\/jojo-imperial\/blog-atractii-turistice\/\" \/>\n<meta property=\"og:site_name\" content=\"Pensiunea Jojo - Baile Herculane\" \/>\n<meta property=\"article:modified_time\" content=\"2022-03-07T06:46:31+00:00\" \/>\n<meta name=\"twitter:card\" content=\"summary_large_image\" \/>\n<script type=\"application\/ld+json\" class=\"yoast-schema-graph\">{\"@context\":\"https:\/\/schema.org\",\"@graph\":[{\"@type\":\"WebPage\",\"@id\":\"https:\/\/www.pensiuneajojo.ro\/jojo-imperial\/blog-atractii-turistice\/\",\"url\":\"https:\/\/www.pensiuneajojo.ro\/jojo-imperial\/blog-atractii-turistice\/\",\"name\":\"Blog - Pensiunea Jojo - Baile Herculane\",\"isPartOf\":{\"@id\":\"https:\/\/www.pensiuneajojo.ro\/jojo-imperial\/#website\"},\"datePublished\":\"2017-01-31T08:10:35+00:00\",\"dateModified\":\"2022-03-07T06:46:31+00:00\",\"description\":\"Pensiunea Jojo se afl\u0103 \u00een sta\u021biunea B\u0103ile Herculane \u0219i ofer\u0103 un centru de wellness, cu cad\u0103 cu hidromasaj \u0219i diverse tratamente de s\u0103n\u0103tate.\",\"breadcrumb\":{\"@id\":\"https:\/\/www.pensiuneajojo.ro\/jojo-imperial\/blog-atractii-turistice\/#breadcrumb\"},\"inLanguage\":\"en-US\",\"potentialAction\":[{\"@type\":\"ReadAction\",\"target\":[\"https:\/\/www.pensiuneajojo.ro\/jojo-imperial\/blog-atractii-turistice\/\"]}]},{\"@type\":\"BreadcrumbList\",\"@id\":\"https:\/\/www.pensiuneajojo.ro\/jojo-imperial\/blog-atractii-turistice\/#breadcrumb\",\"itemListElement\":[{\"@type\":\"ListItem\",\"position\":1,\"name\":\"Home\",\"item\":\"https:\/\/www.pensiuneajojo.ro\/jojo-imperial\/\"},{\"@type\":\"ListItem\",\"position\":2,\"name\":\"Blog\"}]},{\"@type\":\"WebSite\",\"@id\":\"https:\/\/www.pensiuneajojo.ro\/jojo-imperial\/#website\",\"url\":\"https:\/\/www.pensiuneajojo.ro\/jojo-imperial\/\",\"name\":\"Pensiunea Jojo - Baile Herculane\",\"description\":\".\",\"potentialAction\":[{\"@type\":\"SearchAction\",\"target\":{\"@type\":\"EntryPoint\",\"urlTemplate\":\"https:\/\/www.pensiuneajojo.ro\/jojo-imperial\/?s={search_term_string}\"},\"query-input\":{\"@type\":\"PropertyValueSpecification\",\"valueRequired\":true,\"valueName\":\"search_term_string\"}}],\"inLanguage\":\"en-US\"}]}<\/script>\n<!-- \/ Yoast SEO plugin. -->","yoast_head_json":{"title":"Blog - Pensiunea Jojo - Baile Herculane","description":"Pensiunea Jojo se afl\u0103 \u00een sta\u021biunea B\u0103ile Herculane \u0219i ofer\u0103 un centru de wellness, cu cad\u0103 cu hidromasaj \u0219i diverse tratamente de s\u0103n\u0103tate.","robots":{"index":"index","follow":"follow","max-snippet":"max-snippet:-1","max-image-preview":"max-image-preview:large","max-video-preview":"max-video-preview:-1"},"canonical":"https:\/\/www.pensiuneajojo.ro\/jojo-imperial\/blog-atractii-turistice\/","og_locale":"en_US","og_type":"article","og_title":"Blog - Pensiunea Jojo - Baile Herculane","og_description":"Pensiunea Jojo se afl\u0103 \u00een sta\u021biunea B\u0103ile Herculane \u0219i ofer\u0103 un centru de wellness, cu cad\u0103 cu hidromasaj \u0219i diverse tratamente de s\u0103n\u0103tate.","og_url":"https:\/\/www.pensiuneajojo.ro\/jojo-imperial\/blog-atractii-turistice\/","og_site_name":"Pensiunea Jojo - Baile Herculane","article_modified_time":"2022-03-07T06:46:31+00:00","twitter_card":"summary_large_image","schema":{"@context":"https:\/\/schema.org","@graph":[{"@type":"WebPage","@id":"https:\/\/www.pensiuneajojo.ro\/jojo-imperial\/blog-atractii-turistice\/","url":"https:\/\/www.pensiuneajojo.ro\/jojo-imperial\/blog-atractii-turistice\/","name":"Blog - Pensiunea Jojo - Baile Herculane","isPartOf":{"@id":"https:\/\/www.pensiuneajojo.ro\/jojo-imperial\/#website"},"datePublished":"2017-01-31T08:10:35+00:00","dateModified":"2022-03-07T06:46:31+00:00","description":"Pensiunea Jojo se afl\u0103 \u00een sta\u021biunea B\u0103ile Herculane \u0219i ofer\u0103 un centru de wellness, cu cad\u0103 cu hidromasaj \u0219i diverse tratamente de s\u0103n\u0103tate.","breadcrumb":{"@id":"https:\/\/www.pensiuneajojo.ro\/jojo-imperial\/blog-atractii-turistice\/#breadcrumb"},"inLanguage":"en-US","potentialAction":[{"@type":"ReadAction","target":["https:\/\/www.pensiuneajojo.ro\/jojo-imperial\/blog-atractii-turistice\/"]}]},{"@type":"BreadcrumbList","@id":"https:\/\/www.pensiuneajojo.ro\/jojo-imperial\/blog-atractii-turistice\/#breadcrumb","itemListElement":[{"@type":"ListItem","position":1,"name":"Home","item":"https:\/\/www.pensiuneajojo.ro\/jojo-imperial\/"},{"@type":"ListItem","position":2,"name":"Blog"}]},{"@type":"WebSite","@id":"https:\/\/www.pensiuneajojo.ro\/jojo-imperial\/#website","url":"https:\/\/www.pensiuneajojo.ro\/jojo-imperial\/","name":"Pensiunea Jojo - Baile Herculane","description":".","potentialAction":[{"@type":"SearchAction","target":{"@type":"EntryPoint","urlTemplate":"https:\/\/www.pensiuneajojo.ro\/jojo-imperial\/?s={search_term_string}"},"query-input":{"@type":"PropertyValueSpecification","valueRequired":true,"valueName":"search_term_string"}}],"inLanguage":"en-US"}]}},"_links":{"self":[{"href":"https:\/\/www.pensiuneajojo.ro\/jojo-imperial\/wp-json\/wp\/v2\/pages\/676","targetHints":{"allow":["GET"]}}],"collection":[{"href":"https:\/\/www.pensiuneajojo.ro\/jojo-imperial\/wp-json\/wp\/v2\/pages"}],"about":[{"href":"https:\/\/www.pensiuneajojo.ro\/jojo-imperial\/wp-json\/wp\/v2\/types\/page"}],"author":[{"embeddable":true,"href":"https:\/\/www.pensiuneajojo.ro\/jojo-imperial\/wp-json\/wp\/v2\/users\/1"}],"replies":[{"embeddable":true,"href":"https:\/\/www.pensiuneajojo.ro\/jojo-imperial\/wp-json\/wp\/v2\/comments?post=676"}],"version-history":[{"count":4,"href":"https:\/\/www.pensiuneajojo.ro\/jojo-imperial\/wp-json\/wp\/v2\/pages\/676\/revisions"}],"predecessor-version":[{"id":1336,"href":"https:\/\/www.pensiuneajojo.ro\/jojo-imperial\/wp-json\/wp\/v2\/pages\/676\/revisions\/1336"}],"wp:attachment":[{"href":"https:\/\/www.pensiuneajojo.ro\/jojo-imperial\/wp-json\/wp\/v2\/media?parent=676"}],"curies":[{"name":"wp","href":"https:\/\/api.w.org\/{rel}","templated":true}]}}