{"id":38,"date":"2016-11-24T18:08:55","date_gmt":"2016-11-24T18:08:55","guid":{"rendered":"http:\/\/plethorathemes.com\/hotel-xenia\/?page_id=38"},"modified":"2025-08-28T13:55:09","modified_gmt":"2025-08-28T13:55:09","slug":"camere","status":"publish","type":"page","link":"https:\/\/www.pensiuneajojo.ro\/jojo-imperial\/camere\/","title":{"rendered":"Camere"},"content":{"rendered":"<p>[vc_row][vc_column]<div class=\"ple_anypostloop_shortcode wpb_content_element  \"><div id=\"list_58469f451ced4\" class=\"rooms_list_classic_horizontal_wrapper \">\n        <div class=\"rooms_list_item     white_section\" >\n        <div class=\"flex\">\n                <div class=\"col-sm-6 col-sm-push-6 rooms_list_item_photo\" style=\"background-image: url('https:\/\/www.pensiuneajojo.ro\/jojo-imperial\/wp-content\/uploads\/2023\/01\/single-room-jojo-imperial-5-stele-1024x446.webp')\"><a href=\"https:\/\/www.pensiuneajojo.ro\/jojo-imperial\/room\/camera-single\/\" title=\"Camer\u0103 single\" target=\"_parent\" ><\/a><\/div>\n                <div class=\"col-sm-6 col-sm-pull-6\">\n                <div class=\"rooms_list_item_content\">\n                        <h3 class=\"textify_links\"><a href=\"https:\/\/www.pensiuneajojo.ro\/jojo-imperial\/room\/camera-single\/\" title=\"Camer\u0103 single\" target=\"_parent\" class=\"\">Camer\u0103 single<\/a><\/h3>\n                        <p class=\"subtitle\">de la 500 ron\/noapte, demipensiune<\/p>\n                        <div class=\"room_listed_amenities\">\n                                <img decoding=\"async\" src=\"https:\/\/pensiuneajojo.ro\/jojo-imperial\/wp-content\/uploads\/2022\/02\/mic-dejun.png\" data-toggle=\"tooltip\" data-placement=\"top\" class=\"amenities\" data-original-title=\"\"\/> \n                               \n                                <img decoding=\"async\" src=\"https:\/\/pensiuneajojo.ro\/jojo-imperial\/wp-content\/uploads\/2022\/02\/uscator-de-par.png\" data-toggle=\"tooltip\" data-placement=\"top\" class=\"amenities\" data-original-title=\"\"\/> \n                               \n                                <img decoding=\"async\" src=\"https:\/\/pensiuneajojo.ro\/jojo-imperial\/wp-content\/uploads\/2022\/02\/aer-conditionat.png\" data-toggle=\"tooltip\" data-placement=\"top\" class=\"amenities\" data-original-title=\"\"\/> \n                               \n                        <\/div>\n                        <p class=\"excerpt\">V\u0103 punem la dispozi\u021bie 9 camere duble cu pat matrimonial, cu servicii de top \u0219i facilit\u0103\u021bi moderne.<\/p>\n                        <a href=\"https:\/\/www.pensiuneajojo.ro\/jojo-imperial\/room\/camera-single\/\" title=\"Camer\u0103 single\" target=\"_parent\" class=\"btn btn-link \">Vezi mai mult...<\/a>\n                <\/div>\n                <\/div>\n        <\/div>\n        <\/div>\n        <div class=\"rooms_list_item     white_section\" >\n        <div class=\"flex\">\n                <div class=\"col-sm-6 col-sm-push-6 rooms_list_item_photo\" style=\"background-image: url('https:\/\/www.pensiuneajojo.ro\/jojo-imperial\/wp-content\/uploads\/2023\/01\/double-room-jojo-imperial-5-stele-1024x446.webp')\"><a href=\"https:\/\/www.pensiuneajojo.ro\/jojo-imperial\/room\/camera-dubla\/\" title=\"Camer\u0103 dubl\u0103\" target=\"_parent\" ><\/a><\/div>\n                <div class=\"col-sm-6 col-sm-pull-6\">\n                <div class=\"rooms_list_item_content\">\n                        <h3 class=\"textify_links\"><a href=\"https:\/\/www.pensiuneajojo.ro\/jojo-imperial\/room\/camera-dubla\/\" title=\"Camer\u0103 dubl\u0103\" target=\"_parent\" class=\"\">Camer\u0103 dubl\u0103<\/a><\/h3>\n                        <p class=\"subtitle\">de la 580 ron\/noapte, demipensiune<\/p>\n                        <div class=\"room_listed_amenities\">\n                                <img decoding=\"async\" src=\"https:\/\/pensiuneajojo.ro\/jojo-imperial\/wp-content\/uploads\/2022\/02\/mic-dejun.png\" data-toggle=\"tooltip\" data-placement=\"top\" class=\"amenities\" data-original-title=\"\"\/> \n                               \n                                <img decoding=\"async\" src=\"https:\/\/pensiuneajojo.ro\/jojo-imperial\/wp-content\/uploads\/2022\/02\/uscator-de-par.png\" data-toggle=\"tooltip\" data-placement=\"top\" class=\"amenities\" data-original-title=\"\"\/> \n                               \n                                <img decoding=\"async\" src=\"https:\/\/pensiuneajojo.ro\/jojo-imperial\/wp-content\/uploads\/2022\/02\/aer-conditionat.png\" data-toggle=\"tooltip\" data-placement=\"top\" class=\"amenities\" data-original-title=\"\"\/> \n                               \n                        <\/div>\n                        <p class=\"excerpt\">V\u0103 punem la dispozi\u021bie 9 camere duble cu pat matrimonial, cu servicii de top \u0219i facilit\u0103\u021bi moderne.<\/p>\n                        <a href=\"https:\/\/www.pensiuneajojo.ro\/jojo-imperial\/room\/camera-dubla\/\" title=\"Camer\u0103 dubl\u0103\" target=\"_parent\" class=\"btn btn-link \">Vezi mai mult...<\/a>\n                <\/div>\n                <\/div>\n        <\/div>\n        <\/div>\n        <div class=\"rooms_list_item     white_section\" >\n        <div class=\"flex\">\n                <div class=\"col-sm-6 col-sm-push-6 rooms_list_item_photo\" style=\"background-image: url('https:\/\/www.pensiuneajojo.ro\/jojo-imperial\/wp-content\/uploads\/2022\/09\/suita-jojo-imperial-5-stele-1024x446.webp')\"><a href=\"https:\/\/www.pensiuneajojo.ro\/jojo-imperial\/room\/apartament\/\" title=\"Suit\u0103\" target=\"_parent\" ><\/a><\/div>\n                <div class=\"col-sm-6 col-sm-pull-6\">\n                <div class=\"rooms_list_item_content\">\n                        <h3 class=\"textify_links\"><a href=\"https:\/\/www.pensiuneajojo.ro\/jojo-imperial\/room\/apartament\/\" title=\"Suit\u0103\" target=\"_parent\" class=\"\">Suit\u0103<\/a><\/h3>\n                        <p class=\"subtitle\">de la 800 RON\/noapte, demipensiune<\/p>\n                        <div class=\"room_listed_amenities\">\n                                <img decoding=\"async\" src=\"https:\/\/pensiuneajojo.ro\/jojo-imperial\/wp-content\/uploads\/2022\/02\/mic-dejun.png\" data-toggle=\"tooltip\" data-placement=\"top\" class=\"amenities\" data-original-title=\"\"\/> \n                               \n                                <img decoding=\"async\" src=\"https:\/\/pensiuneajojo.ro\/jojo-imperial\/wp-content\/uploads\/2022\/02\/uscator-de-par.png\" data-toggle=\"tooltip\" data-placement=\"top\" class=\"amenities\" data-original-title=\"\"\/> \n                               \n                                <img decoding=\"async\" src=\"https:\/\/pensiuneajojo.ro\/jojo-imperial\/wp-content\/uploads\/2022\/02\/aer-conditionat.png\" data-toggle=\"tooltip\" data-placement=\"top\" class=\"amenities\" data-original-title=\"\"\/> \n                               \n                        <\/div>\n                        <p class=\"excerpt\">Apartamente cu dou\u0103 camere, pentru a v\u0103 garanta un sejur de neuitat la B\u0103ile Herculane.<\/p>\n                        <a href=\"https:\/\/www.pensiuneajojo.ro\/jojo-imperial\/room\/apartament\/\" title=\"Suit\u0103\" target=\"_parent\" class=\"btn btn-link \">Vezi mai mult...<\/a>\n                <\/div>\n                <\/div>\n        <\/div>\n        <\/div>\n<\/div><\/div>[\/vc_column][\/vc_row]<\/p>\n","protected":false},"excerpt":{"rendered":"<p>[vc_row][vc_column][\/vc_column][\/vc_row]<\/p>\n","protected":false},"author":1,"featured_media":2365,"parent":0,"menu_order":0,"comment_status":"closed","ping_status":"closed","template":"","meta":{"footnotes":""},"class_list":["post-38","page","type-page","status-publish","has-post-thumbnail","hentry"],"yoast_head":"<!-- This site is optimized with the Yoast SEO plugin v26.2 - https:\/\/yoast.com\/wordpress\/plugins\/seo\/ -->\n<title>Camere &amp; Cazare la Pensiunea Jojo \/ Camera dubla \/ Jacuzzi \/ Apartament<\/title>\n<meta name=\"description\" content=\"Descopera camerele noastre confortabile si linistite. Avem atat camere duble cat si suite cu jacuzzi si apartamente care se adapteaza pe toate nevoile.\" \/>\n<meta name=\"robots\" content=\"index, follow, max-snippet:-1, max-image-preview:large, max-video-preview:-1\" \/>\n<link rel=\"canonical\" href=\"https:\/\/www.pensiuneajojo.ro\/jojo-imperial\/camere\/\" \/>\n<meta property=\"og:locale\" content=\"en_US\" \/>\n<meta property=\"og:type\" content=\"article\" \/>\n<meta property=\"og:title\" content=\"Camere &amp; Cazare la Pensiunea Jojo \/ Camera dubla \/ Jacuzzi \/ Apartament\" \/>\n<meta property=\"og:description\" content=\"Descopera camerele noastre confortabile si linistite. Avem atat camere duble cat si suite cu jacuzzi si apartamente care se adapteaza pe toate nevoile.\" \/>\n<meta property=\"og:url\" content=\"https:\/\/www.pensiuneajojo.ro\/jojo-imperial\/camere\/\" \/>\n<meta property=\"og:site_name\" content=\"Pensiunea Jojo - Baile Herculane\" \/>\n<meta property=\"article:modified_time\" content=\"2025-08-28T13:55:09+00:00\" \/>\n<meta property=\"og:image\" content=\"https:\/\/www.pensiuneajojo.ro\/jojo-imperial\/wp-content\/uploads\/2025\/08\/jojo-imperial-5-stele-camere-banner.webp\" \/>\n\t<meta property=\"og:image:width\" content=\"1920\" \/>\n\t<meta property=\"og:image:height\" content=\"836\" \/>\n\t<meta property=\"og:image:type\" content=\"image\/webp\" \/>\n<meta name=\"twitter:card\" content=\"summary_large_image\" \/>\n<meta name=\"twitter:label1\" content=\"Est. reading time\" \/>\n\t<meta name=\"twitter:data1\" content=\"1 minute\" \/>\n<script type=\"application\/ld+json\" class=\"yoast-schema-graph\">{\"@context\":\"https:\/\/schema.org\",\"@graph\":[{\"@type\":\"WebPage\",\"@id\":\"https:\/\/www.pensiuneajojo.ro\/jojo-imperial\/camere\/\",\"url\":\"https:\/\/www.pensiuneajojo.ro\/jojo-imperial\/camere\/\",\"name\":\"Camere & Cazare la Pensiunea Jojo \/ Camera dubla \/ Jacuzzi \/ Apartament\",\"isPartOf\":{\"@id\":\"https:\/\/www.pensiuneajojo.ro\/jojo-imperial\/#website\"},\"primaryImageOfPage\":{\"@id\":\"https:\/\/www.pensiuneajojo.ro\/jojo-imperial\/camere\/#primaryimage\"},\"image\":{\"@id\":\"https:\/\/www.pensiuneajojo.ro\/jojo-imperial\/camere\/#primaryimage\"},\"thumbnailUrl\":\"https:\/\/www.pensiuneajojo.ro\/jojo-imperial\/wp-content\/uploads\/2025\/08\/jojo-imperial-5-stele-camere-banner.webp\",\"datePublished\":\"2016-11-24T18:08:55+00:00\",\"dateModified\":\"2025-08-28T13:55:09+00:00\",\"description\":\"Descopera camerele noastre confortabile si linistite. Avem atat camere duble cat si suite cu jacuzzi si apartamente care se adapteaza pe toate nevoile.\",\"breadcrumb\":{\"@id\":\"https:\/\/www.pensiuneajojo.ro\/jojo-imperial\/camere\/#breadcrumb\"},\"inLanguage\":\"en-US\",\"potentialAction\":[{\"@type\":\"ReadAction\",\"target\":[\"https:\/\/www.pensiuneajojo.ro\/jojo-imperial\/camere\/\"]}]},{\"@type\":\"ImageObject\",\"inLanguage\":\"en-US\",\"@id\":\"https:\/\/www.pensiuneajojo.ro\/jojo-imperial\/camere\/#primaryimage\",\"url\":\"https:\/\/www.pensiuneajojo.ro\/jojo-imperial\/wp-content\/uploads\/2025\/08\/jojo-imperial-5-stele-camere-banner.webp\",\"contentUrl\":\"https:\/\/www.pensiuneajojo.ro\/jojo-imperial\/wp-content\/uploads\/2025\/08\/jojo-imperial-5-stele-camere-banner.webp\",\"width\":1920,\"height\":836},{\"@type\":\"BreadcrumbList\",\"@id\":\"https:\/\/www.pensiuneajojo.ro\/jojo-imperial\/camere\/#breadcrumb\",\"itemListElement\":[{\"@type\":\"ListItem\",\"position\":1,\"name\":\"Home\",\"item\":\"https:\/\/www.pensiuneajojo.ro\/jojo-imperial\/\"},{\"@type\":\"ListItem\",\"position\":2,\"name\":\"Camere\"}]},{\"@type\":\"WebSite\",\"@id\":\"https:\/\/www.pensiuneajojo.ro\/jojo-imperial\/#website\",\"url\":\"https:\/\/www.pensiuneajojo.ro\/jojo-imperial\/\",\"name\":\"Pensiunea Jojo - Baile Herculane\",\"description\":\".\",\"potentialAction\":[{\"@type\":\"SearchAction\",\"target\":{\"@type\":\"EntryPoint\",\"urlTemplate\":\"https:\/\/www.pensiuneajojo.ro\/jojo-imperial\/?s={search_term_string}\"},\"query-input\":{\"@type\":\"PropertyValueSpecification\",\"valueRequired\":true,\"valueName\":\"search_term_string\"}}],\"inLanguage\":\"en-US\"}]}<\/script>\n<!-- \/ Yoast SEO plugin. -->","yoast_head_json":{"title":"Camere & Cazare la Pensiunea Jojo \/ Camera dubla \/ Jacuzzi \/ Apartament","description":"Descopera camerele noastre confortabile si linistite. Avem atat camere duble cat si suite cu jacuzzi si apartamente care se adapteaza pe toate nevoile.","robots":{"index":"index","follow":"follow","max-snippet":"max-snippet:-1","max-image-preview":"max-image-preview:large","max-video-preview":"max-video-preview:-1"},"canonical":"https:\/\/www.pensiuneajojo.ro\/jojo-imperial\/camere\/","og_locale":"en_US","og_type":"article","og_title":"Camere & Cazare la Pensiunea Jojo \/ Camera dubla \/ Jacuzzi \/ Apartament","og_description":"Descopera camerele noastre confortabile si linistite. Avem atat camere duble cat si suite cu jacuzzi si apartamente care se adapteaza pe toate nevoile.","og_url":"https:\/\/www.pensiuneajojo.ro\/jojo-imperial\/camere\/","og_site_name":"Pensiunea Jojo - Baile Herculane","article_modified_time":"2025-08-28T13:55:09+00:00","og_image":[{"width":1920,"height":836,"url":"https:\/\/www.pensiuneajojo.ro\/jojo-imperial\/wp-content\/uploads\/2025\/08\/jojo-imperial-5-stele-camere-banner.webp","type":"image\/webp"}],"twitter_card":"summary_large_image","twitter_misc":{"Est. reading time":"1 minute"},"schema":{"@context":"https:\/\/schema.org","@graph":[{"@type":"WebPage","@id":"https:\/\/www.pensiuneajojo.ro\/jojo-imperial\/camere\/","url":"https:\/\/www.pensiuneajojo.ro\/jojo-imperial\/camere\/","name":"Camere & Cazare la Pensiunea Jojo \/ Camera dubla \/ Jacuzzi \/ Apartament","isPartOf":{"@id":"https:\/\/www.pensiuneajojo.ro\/jojo-imperial\/#website"},"primaryImageOfPage":{"@id":"https:\/\/www.pensiuneajojo.ro\/jojo-imperial\/camere\/#primaryimage"},"image":{"@id":"https:\/\/www.pensiuneajojo.ro\/jojo-imperial\/camere\/#primaryimage"},"thumbnailUrl":"https:\/\/www.pensiuneajojo.ro\/jojo-imperial\/wp-content\/uploads\/2025\/08\/jojo-imperial-5-stele-camere-banner.webp","datePublished":"2016-11-24T18:08:55+00:00","dateModified":"2025-08-28T13:55:09+00:00","description":"Descopera camerele noastre confortabile si linistite. Avem atat camere duble cat si suite cu jacuzzi si apartamente care se adapteaza pe toate nevoile.","breadcrumb":{"@id":"https:\/\/www.pensiuneajojo.ro\/jojo-imperial\/camere\/#breadcrumb"},"inLanguage":"en-US","potentialAction":[{"@type":"ReadAction","target":["https:\/\/www.pensiuneajojo.ro\/jojo-imperial\/camere\/"]}]},{"@type":"ImageObject","inLanguage":"en-US","@id":"https:\/\/www.pensiuneajojo.ro\/jojo-imperial\/camere\/#primaryimage","url":"https:\/\/www.pensiuneajojo.ro\/jojo-imperial\/wp-content\/uploads\/2025\/08\/jojo-imperial-5-stele-camere-banner.webp","contentUrl":"https:\/\/www.pensiuneajojo.ro\/jojo-imperial\/wp-content\/uploads\/2025\/08\/jojo-imperial-5-stele-camere-banner.webp","width":1920,"height":836},{"@type":"BreadcrumbList","@id":"https:\/\/www.pensiuneajojo.ro\/jojo-imperial\/camere\/#breadcrumb","itemListElement":[{"@type":"ListItem","position":1,"name":"Home","item":"https:\/\/www.pensiuneajojo.ro\/jojo-imperial\/"},{"@type":"ListItem","position":2,"name":"Camere"}]},{"@type":"WebSite","@id":"https:\/\/www.pensiuneajojo.ro\/jojo-imperial\/#website","url":"https:\/\/www.pensiuneajojo.ro\/jojo-imperial\/","name":"Pensiunea Jojo - Baile Herculane","description":".","potentialAction":[{"@type":"SearchAction","target":{"@type":"EntryPoint","urlTemplate":"https:\/\/www.pensiuneajojo.ro\/jojo-imperial\/?s={search_term_string}"},"query-input":{"@type":"PropertyValueSpecification","valueRequired":true,"valueName":"search_term_string"}}],"inLanguage":"en-US"}]}},"_links":{"self":[{"href":"https:\/\/www.pensiuneajojo.ro\/jojo-imperial\/wp-json\/wp\/v2\/pages\/38","targetHints":{"allow":["GET"]}}],"collection":[{"href":"https:\/\/www.pensiuneajojo.ro\/jojo-imperial\/wp-json\/wp\/v2\/pages"}],"about":[{"href":"https:\/\/www.pensiuneajojo.ro\/jojo-imperial\/wp-json\/wp\/v2\/types\/page"}],"author":[{"embeddable":true,"href":"https:\/\/www.pensiuneajojo.ro\/jojo-imperial\/wp-json\/wp\/v2\/users\/1"}],"replies":[{"embeddable":true,"href":"https:\/\/www.pensiuneajojo.ro\/jojo-imperial\/wp-json\/wp\/v2\/comments?post=38"}],"version-history":[{"count":2,"href":"https:\/\/www.pensiuneajojo.ro\/jojo-imperial\/wp-json\/wp\/v2\/pages\/38\/revisions"}],"predecessor-version":[{"id":1288,"href":"https:\/\/www.pensiuneajojo.ro\/jojo-imperial\/wp-json\/wp\/v2\/pages\/38\/revisions\/1288"}],"wp:featuredmedia":[{"embeddable":true,"href":"https:\/\/www.pensiuneajojo.ro\/jojo-imperial\/wp-json\/wp\/v2\/media\/2365"}],"wp:attachment":[{"href":"https:\/\/www.pensiuneajojo.ro\/jojo-imperial\/wp-json\/wp\/v2\/media?parent=38"}],"curies":[{"name":"wp","href":"https:\/\/api.w.org\/{rel}","templated":true}]}}